{"id":588,"date":"2020-01-20T17:51:19","date_gmt":"2020-01-20T15:51:19","guid":{"rendered":"http:\/\/alexlecuiller.com\/?page_id=588"},"modified":"2025-06-26T18:45:35","modified_gmt":"2025-06-26T16:45:35","slug":"portfolio","status":"publish","type":"page","link":"https:\/\/alexlecuiller.com\/index.php\/portfolio\/","title":{"rendered":"Portfolio"},"content":{"rendered":"\n<p><a href=\"http:\/\/alexlecuiller.com\/wp-content\/uploads\/2025\/06\/book-EN-lecuiller.pdf\" data-type=\"URL\" data-id=\"http:\/\/alexlecuiller.com\/wp-content\/uploads\/2025\/06\/book-EN-lecuiller.pdf\" target=\"_blank\" rel=\"noreferrer noopener\">Download the english portfolio<\/a><\/p>\n\n\n\n<p><mark style=\"background-color:rgba(0, 0, 0, 0)\" class=\"has-inline-color has-very-dark-gray-color\"><a rel=\"noreferrer noopener\" href=\"http:\/\/alexlecuiller.com\/wp-content\/uploads\/2025\/06\/book-FR-LECUILLER.pdf\" target=\"_blank\">T\u00e9l\u00e9chargez le portfolio en fran\u00e7ais<\/a><\/mark><\/p>\n","protected":false},"excerpt":{"rendered":"<p>Download the english portfolio T\u00e9l\u00e9chargez le portfolio en fran\u00e7ais<\/p>\n","protected":false},"author":1,"featured_media":0,"parent":0,"menu_order":0,"comment_status":"closed","ping_status":"closed","template":"","meta":{"ngg_post_thumbnail":0},"_links":{"self":[{"href":"https:\/\/alexlecuiller.com\/index.php\/wp-json\/wp\/v2\/pages\/588"}],"collection":[{"href":"https:\/\/alexlecuiller.com\/index.php\/wp-json\/wp\/v2\/pages"}],"about":[{"href":"https:\/\/alexlecuiller.com\/index.php\/wp-json\/wp\/v2\/types\/page"}],"author":[{"embeddable":true,"href":"https:\/\/alexlecuiller.com\/index.php\/wp-json\/wp\/v2\/users\/1"}],"replies":[{"embeddable":true,"href":"https:\/\/alexlecuiller.com\/index.php\/wp-json\/wp\/v2\/comments?post=588"}],"version-history":[{"count":17,"href":"https:\/\/alexlecuiller.com\/index.php\/wp-json\/wp\/v2\/pages\/588\/revisions"}],"predecessor-version":[{"id":931,"href":"https:\/\/alexlecuiller.com\/index.php\/wp-json\/wp\/v2\/pages\/588\/revisions\/931"}],"wp:attachment":[{"href":"https:\/\/alexlecuiller.com\/index.php\/wp-json\/wp\/v2\/media?parent=588"}],"curies":[{"name":"wp","href":"https:\/\/api.w.org\/{rel}","templated":true}]}}